{"id":776,"date":"2024-03-04T14:12:18","date_gmt":"2024-03-04T14:12:18","guid":{"rendered":"https:\/\/repra.pt\/?page_id=776"},"modified":"2024-03-04T14:50:48","modified_gmt":"2024-03-04T14:50:48","slug":"demolicoes","status":"publish","type":"page","link":"https:\/\/repra.pt\/index.php\/demolicoes\/","title":{"rendered":"Demoli\u00e7\u00f5es"},"content":{"rendered":"\t\t<div data-elementor-type=\"wp-page\" data-elementor-id=\"776\" class=\"elementor elementor-776\">\n\t\t\t\t\t\t<section class=\"elementor-section elementor-top-section elementor-element elementor-element-c51e5d0 elementor-section-full_width elementor-section-stretched elementor-section-height-default elementor-section-height-default\" data-id=\"c51e5d0\" data-element_type=\"section\" data-settings=\"{&quot;stretch_section&quot;:&quot;section-stretched&quot;,&quot;background_background&quot;:&quot;classic&quot;}\">\n\t\t\t\t\t\t<div class=\"elementor-container elementor-column-gap-wider\">\n\t\t\t\t\t<div class=\"elementor-column elementor-col-100 elementor-top-column elementor-element elementor-element-fc4aa3a\" data-id=\"fc4aa3a\" data-element_type=\"column\">\n\t\t\t<div class=\"elementor-widget-wrap elementor-element-populated\">\n\t\t\t\t\t\t<section class=\"elementor-section elementor-inner-section elementor-element elementor-element-0d59f06 elementor-section-full_width elementor-section-height-default elementor-section-height-default\" data-id=\"0d59f06\" data-element_type=\"section\">\n\t\t\t\t\t\t<div class=\"elementor-container elementor-column-gap-default\">\n\t\t\t\t\t<div class=\"elementor-column elementor-col-50 elementor-inner-column elementor-element elementor-element-2e1231b\" data-id=\"2e1231b\" data-element_type=\"column\">\n\t\t\t<div class=\"elementor-widget-wrap elementor-element-populated\">\n\t\t\t\t\t\t<div class=\"elementor-element elementor-element-59fc80f elementor-widget elementor-widget-heading\" data-id=\"59fc80f\" data-element_type=\"widget\" data-widget_type=\"heading.default\">\n\t\t\t\t<div class=\"elementor-widget-container\">\n\t\t\t<style>\/*! elementor - v3.19.0 - 28-02-2024 *\/\n.elementor-heading-title{padding:0;margin:0;line-height:1}.elementor-widget-heading .elementor-heading-title[class*=elementor-size-]>a{color:inherit;font-size:inherit;line-height:inherit}.elementor-widget-heading .elementor-heading-title.elementor-size-small{font-size:15px}.elementor-widget-heading .elementor-heading-title.elementor-size-medium{font-size:19px}.elementor-widget-heading .elementor-heading-title.elementor-size-large{font-size:29px}.elementor-widget-heading .elementor-heading-title.elementor-size-xl{font-size:39px}.elementor-widget-heading .elementor-heading-title.elementor-size-xxl{font-size:59px}<\/style><h1 class=\"elementor-heading-title elementor-size-default\">Demoli\u00e7\u00f5es<\/h1>\t\t<\/div>\n\t\t\t\t<\/div>\n\t\t\t\t<div class=\"elementor-element elementor-element-59b93a5 elementor-widget-tablet__width-initial elementor-widget elementor-widget-heading\" data-id=\"59b93a5\" data-element_type=\"widget\" data-widget_type=\"heading.default\">\n\t\t\t\t<div class=\"elementor-widget-container\">\n\t\t\t<h5 class=\"elementor-heading-title elementor-size-default\">A nossa empresa especializa-se em servi\u00e7os de demoli\u00e7\u00e3o, oferecendo solu\u00e7\u00f5es seguras, eficientes e sustent\u00e1veis para a remo\u00e7\u00e3o de estruturas existentes. Com uma abordagem respons\u00e1vel e uma equipa de profissionais altamente qualificados, empregamos as t\u00e9cnicas mais avan\u00e7adas e equipamentos de \u00faltima gera\u00e7\u00e3o para garantir que cada projeto seja conclu\u00eddo com o m\u00e1ximo respeito pelas normas de seguran\u00e7a e pelo meio ambiente. Desde demoli\u00e7\u00f5es menores a projetos de grande escala, o nosso compromisso \u00e9 com a precis\u00e3o e a minimiza\u00e7\u00e3o do impacto ambiental, reciclando materiais sempre que poss\u00edvel e assegurando uma limpeza completa do local, preparando-o para o pr\u00f3ximo passo do seu desenvolvimento.\n\n\n\n\n\n<\/h5>\t\t<\/div>\n\t\t\t\t<\/div>\n\t\t\t\t\t<\/div>\n\t\t<\/div>\n\t\t\t\t<div class=\"elementor-column elementor-col-50 elementor-inner-column elementor-element elementor-element-db8893f\" data-id=\"db8893f\" data-element_type=\"column\">\n\t\t\t<div class=\"elementor-widget-wrap elementor-element-populated\">\n\t\t\t\t\t\t<div class=\"elementor-element elementor-element-2ca1671 elementor-widget elementor-widget-image\" data-id=\"2ca1671\" data-element_type=\"widget\" data-widget_type=\"image.default\">\n\t\t\t\t<div class=\"elementor-widget-container\">\n\t\t\t<style>\/*! elementor - v3.19.0 - 28-02-2024 *\/\n.elementor-widget-image{text-align:center}.elementor-widget-image a{display:inline-block}.elementor-widget-image a img[src$=\".svg\"]{width:48px}.elementor-widget-image img{vertical-align:middle;display:inline-block}<\/style>\t\t\t\t\t\t\t\t\t\t<img fetchpriority=\"high\" decoding=\"async\" width=\"1024\" height=\"498\" src=\"https:\/\/repra.pt\/wp-content\/uploads\/2024\/02\/WhatsApp-Image-2024-02-27-at-15.21.13-5-1024x498.jpeg\" class=\"attachment-large size-large wp-image-580\" alt=\"\" srcset=\"https:\/\/repra.pt\/wp-content\/uploads\/2024\/02\/WhatsApp-Image-2024-02-27-at-15.21.13-5-1024x498.jpeg 1024w, https:\/\/repra.pt\/wp-content\/uploads\/2024\/02\/WhatsApp-Image-2024-02-27-at-15.21.13-5-300x146.jpeg 300w, https:\/\/repra.pt\/wp-content\/uploads\/2024\/02\/WhatsApp-Image-2024-02-27-at-15.21.13-5-768x373.jpeg 768w, https:\/\/repra.pt\/wp-content\/uploads\/2024\/02\/WhatsApp-Image-2024-02-27-at-15.21.13-5-1536x747.jpeg 1536w, https:\/\/repra.pt\/wp-content\/uploads\/2024\/02\/WhatsApp-Image-2024-02-27-at-15.21.13-5-260x126.jpeg 260w, https:\/\/repra.pt\/wp-content\/uploads\/2024\/02\/WhatsApp-Image-2024-02-27-at-15.21.13-5-50x24.jpeg 50w, https:\/\/repra.pt\/wp-content\/uploads\/2024\/02\/WhatsApp-Image-2024-02-27-at-15.21.13-5-150x73.jpeg 150w, https:\/\/repra.pt\/wp-content\/uploads\/2024\/02\/WhatsApp-Image-2024-02-27-at-15.21.13-5.jpeg 2016w\" sizes=\"(max-width: 1024px) 100vw, 1024px\" \/>\t\t\t\t\t\t\t\t\t\t\t\t\t<\/div>\n\t\t\t\t<\/div>\n\t\t\t\t\t<\/div>\n\t\t<\/div>\n\t\t\t\t\t<\/div>\n\t\t<\/section>\n\t\t\t\t\t<\/div>\n\t\t<\/div>\n\t\t\t\t\t<\/div>\n\t\t<\/section>\n\t\t\t\t<section class=\"elementor-section elementor-top-section elementor-element elementor-element-86bada2 elementor-section-stretched elementor-section-boxed elementor-section-height-default elementor-section-height-default\" data-id=\"86bada2\" data-element_type=\"section\" data-settings=\"{&quot;stretch_section&quot;:&quot;section-stretched&quot;,&quot;background_background&quot;:&quot;classic&quot;}\">\n\t\t\t\t\t\t<div class=\"elementor-container elementor-column-gap-wider\">\n\t\t\t\t\t<div class=\"elementor-column elementor-col-100 elementor-top-column elementor-element elementor-element-6be3b31\" data-id=\"6be3b31\" data-element_type=\"column\">\n\t\t\t<div class=\"elementor-widget-wrap elementor-element-populated\">\n\t\t\t\t\t\t<section class=\"elementor-section elementor-inner-section elementor-element elementor-element-87ab66d elementor-section-boxed elementor-section-height-default elementor-section-height-default\" data-id=\"87ab66d\" data-element_type=\"section\">\n\t\t\t\t\t\t<div class=\"elementor-container elementor-column-gap-default\">\n\t\t\t\t\t<div class=\"elementor-column elementor-col-100 elementor-inner-column elementor-element elementor-element-28e031a\" data-id=\"28e031a\" data-element_type=\"column\">\n\t\t\t<div class=\"elementor-widget-wrap elementor-element-populated\">\n\t\t\t\t\t\t<div class=\"elementor-element elementor-element-5ab859b elementor-widget elementor-widget-heading\" data-id=\"5ab859b\" data-element_type=\"widget\" data-widget_type=\"heading.default\">\n\t\t\t\t<div class=\"elementor-widget-container\">\n\t\t\t<h6 class=\"elementor-heading-title elementor-size-default\">Nosso trabalho<\/h6>\t\t<\/div>\n\t\t\t\t<\/div>\n\t\t\t\t<div class=\"elementor-element elementor-element-31015c8 elementor-widget elementor-widget-heading\" data-id=\"31015c8\" data-element_type=\"widget\" data-widget_type=\"heading.default\">\n\t\t\t\t<div class=\"elementor-widget-container\">\n\t\t\t<h2 class=\"elementor-heading-title elementor-size-default\">Nossa galeria<\/h2>\t\t<\/div>\n\t\t\t\t<\/div>\n\t\t\t\t\t<\/div>\n\t\t<\/div>\n\t\t\t\t\t<\/div>\n\t\t<\/section>\n\t\t\t\t\t<\/div>\n\t\t<\/div>\n\t\t\t\t\t<\/div>\n\t\t<\/section>\n\t\t\t\t<section class=\"elementor-section elementor-top-section elementor-element elementor-element-924b22f elementor-section-full_width elementor-section-stretched elementor-section-height-default elementor-section-height-default\" data-id=\"924b22f\" data-element_type=\"section\" data-settings=\"{&quot;stretch_section&quot;:&quot;section-stretched&quot;,&quot;background_background&quot;:&quot;classic&quot;}\">\n\t\t\t\t\t\t<div class=\"elementor-container elementor-column-gap-no\">\n\t\t\t\t\t<div class=\"elementor-column elementor-col-100 elementor-top-column elementor-element elementor-element-1dec36b\" data-id=\"1dec36b\" data-element_type=\"column\">\n\t\t\t<div class=\"elementor-widget-wrap elementor-element-populated\">\n\t\t\t\t\t\t<div class=\"elementor-element elementor-element-2103b99 elementor-widget elementor-widget-image-gallery\" data-id=\"2103b99\" data-element_type=\"widget\" data-widget_type=\"image-gallery.default\">\n\t\t\t\t<div class=\"elementor-widget-container\">\n\t\t\t<style>\/*! elementor - v3.19.0 - 28-02-2024 *\/\n.elementor-image-gallery .gallery-item{display:inline-block;text-align:center;vertical-align:top;width:100%;max-width:100%;margin:0 auto}.elementor-image-gallery .gallery-item img{margin:0 auto}.elementor-image-gallery .gallery-item .gallery-caption{margin:0}.elementor-image-gallery figure img{display:block}.elementor-image-gallery figure figcaption{width:100%}.gallery-spacing-custom .elementor-image-gallery .gallery-icon{padding:0}@media (min-width:768px){.elementor-image-gallery .gallery-columns-2 .gallery-item{max-width:50%}.elementor-image-gallery .gallery-columns-3 .gallery-item{max-width:33.33%}.elementor-image-gallery .gallery-columns-4 .gallery-item{max-width:25%}.elementor-image-gallery .gallery-columns-5 .gallery-item{max-width:20%}.elementor-image-gallery .gallery-columns-6 .gallery-item{max-width:16.666%}.elementor-image-gallery .gallery-columns-7 .gallery-item{max-width:14.28%}.elementor-image-gallery .gallery-columns-8 .gallery-item{max-width:12.5%}.elementor-image-gallery .gallery-columns-9 .gallery-item{max-width:11.11%}.elementor-image-gallery .gallery-columns-10 .gallery-item{max-width:10%}}@media (min-width:480px) and (max-width:767px){.elementor-image-gallery .gallery.gallery-columns-2 .gallery-item,.elementor-image-gallery .gallery.gallery-columns-3 .gallery-item,.elementor-image-gallery .gallery.gallery-columns-4 .gallery-item,.elementor-image-gallery .gallery.gallery-columns-5 .gallery-item,.elementor-image-gallery .gallery.gallery-columns-6 .gallery-item,.elementor-image-gallery .gallery.gallery-columns-7 .gallery-item,.elementor-image-gallery .gallery.gallery-columns-8 .gallery-item,.elementor-image-gallery .gallery.gallery-columns-9 .gallery-item,.elementor-image-gallery .gallery.gallery-columns-10 .gallery-item{max-width:50%}}@media (max-width:479px){.elementor-image-gallery .gallery.gallery-columns-2 .gallery-item,.elementor-image-gallery .gallery.gallery-columns-3 .gallery-item,.elementor-image-gallery .gallery.gallery-columns-4 .gallery-item,.elementor-image-gallery .gallery.gallery-columns-5 .gallery-item,.elementor-image-gallery .gallery.gallery-columns-6 .gallery-item,.elementor-image-gallery .gallery.gallery-columns-7 .gallery-item,.elementor-image-gallery .gallery.gallery-columns-8 .gallery-item,.elementor-image-gallery .gallery.gallery-columns-9 .gallery-item,.elementor-image-gallery .gallery.gallery-columns-10 .gallery-item{max-width:100%}}<\/style>\t\t<div class=\"elementor-image-gallery\">\n\t\t\t\n\t\t\t<style type='text\/css'>\n\t\t\t\t#sc_gallery-2712 {\n\t\t\t\t\tmargin: auto;\n\t\t\t\t}\n\t\t\t\t#sc_gallery-2712 .gallery-item {\n\t\t\t\t\tfloat: left;\n\t\t\t\t\tmargin-top: 10px;\n\t\t\t\t\ttext-align: center;\n\t\t\t\t\twidth: 33.33%;\n\t\t\t\t}\n\t\t\t\t#sc_gallery-2712 img {\n\t\t\t\t\tborder: 2px solid #cfcfcf;\n\t\t\t\t}\n\t\t\t\t#sc_gallery-2712 .gallery-caption {\n\t\t\t\t\tmargin-left: 0;\n\t\t\t\t}\n\t\t\t\t\/* see sc_gallery() in functions\/theme-shortcodes.php *\/\n\t\t\t<\/style>\n\t\t<div id='sc_gallery-2712' class='gallery element_classes galleryid-776 gallery-columns-3 gallery-size-full none'><dl class='gallery-item'>\n\t\t\t\t<dt class='gallery-icon landscape'>\n\t\t\t\t\t<img decoding=\"async\" width=\"2016\" height=\"980\" src=\"https:\/\/repra.pt\/wp-content\/uploads\/2024\/02\/WhatsApp-Image-2024-02-27-at-15.21.13-7.jpeg\" class=\"attachment-full size-full\" alt=\"\" srcset=\"https:\/\/repra.pt\/wp-content\/uploads\/2024\/02\/WhatsApp-Image-2024-02-27-at-15.21.13-7.jpeg 2016w, https:\/\/repra.pt\/wp-content\/uploads\/2024\/02\/WhatsApp-Image-2024-02-27-at-15.21.13-7-300x146.jpeg 300w, https:\/\/repra.pt\/wp-content\/uploads\/2024\/02\/WhatsApp-Image-2024-02-27-at-15.21.13-7-1024x498.jpeg 1024w, https:\/\/repra.pt\/wp-content\/uploads\/2024\/02\/WhatsApp-Image-2024-02-27-at-15.21.13-7-768x373.jpeg 768w, https:\/\/repra.pt\/wp-content\/uploads\/2024\/02\/WhatsApp-Image-2024-02-27-at-15.21.13-7-1536x747.jpeg 1536w, https:\/\/repra.pt\/wp-content\/uploads\/2024\/02\/WhatsApp-Image-2024-02-27-at-15.21.13-7-260x126.jpeg 260w, https:\/\/repra.pt\/wp-content\/uploads\/2024\/02\/WhatsApp-Image-2024-02-27-at-15.21.13-7-50x24.jpeg 50w, https:\/\/repra.pt\/wp-content\/uploads\/2024\/02\/WhatsApp-Image-2024-02-27-at-15.21.13-7-150x73.jpeg 150w\" sizes=\"(max-width: 2016px) 100vw, 2016px\" \/>\n\t\t\t\t<\/dt><\/dl><dl class='gallery-item'>\n\t\t\t\t<dt class='gallery-icon landscape'>\n\t\t\t\t\t<img decoding=\"async\" width=\"2016\" height=\"980\" src=\"https:\/\/repra.pt\/wp-content\/uploads\/2024\/02\/WhatsApp-Image-2024-02-27-at-15.21.13-5.jpeg\" class=\"attachment-full size-full\" alt=\"\" srcset=\"https:\/\/repra.pt\/wp-content\/uploads\/2024\/02\/WhatsApp-Image-2024-02-27-at-15.21.13-5.jpeg 2016w, https:\/\/repra.pt\/wp-content\/uploads\/2024\/02\/WhatsApp-Image-2024-02-27-at-15.21.13-5-300x146.jpeg 300w, https:\/\/repra.pt\/wp-content\/uploads\/2024\/02\/WhatsApp-Image-2024-02-27-at-15.21.13-5-1024x498.jpeg 1024w, https:\/\/repra.pt\/wp-content\/uploads\/2024\/02\/WhatsApp-Image-2024-02-27-at-15.21.13-5-768x373.jpeg 768w, https:\/\/repra.pt\/wp-content\/uploads\/2024\/02\/WhatsApp-Image-2024-02-27-at-15.21.13-5-1536x747.jpeg 1536w, https:\/\/repra.pt\/wp-content\/uploads\/2024\/02\/WhatsApp-Image-2024-02-27-at-15.21.13-5-260x126.jpeg 260w, https:\/\/repra.pt\/wp-content\/uploads\/2024\/02\/WhatsApp-Image-2024-02-27-at-15.21.13-5-50x24.jpeg 50w, https:\/\/repra.pt\/wp-content\/uploads\/2024\/02\/WhatsApp-Image-2024-02-27-at-15.21.13-5-150x73.jpeg 150w\" sizes=\"(max-width: 2016px) 100vw, 2016px\" \/>\n\t\t\t\t<\/dt><\/dl><dl class='gallery-item'>\n\t\t\t\t<dt class='gallery-icon landscape'>\n\t\t\t\t\t<img loading=\"lazy\" decoding=\"async\" width=\"2016\" height=\"980\" src=\"https:\/\/repra.pt\/wp-content\/uploads\/2024\/02\/WhatsApp-Image-2024-02-27-at-15.21.13-1.jpeg\" class=\"attachment-full size-full\" alt=\"\" srcset=\"https:\/\/repra.pt\/wp-content\/uploads\/2024\/02\/WhatsApp-Image-2024-02-27-at-15.21.13-1.jpeg 2016w, https:\/\/repra.pt\/wp-content\/uploads\/2024\/02\/WhatsApp-Image-2024-02-27-at-15.21.13-1-300x146.jpeg 300w, https:\/\/repra.pt\/wp-content\/uploads\/2024\/02\/WhatsApp-Image-2024-02-27-at-15.21.13-1-1024x498.jpeg 1024w, https:\/\/repra.pt\/wp-content\/uploads\/2024\/02\/WhatsApp-Image-2024-02-27-at-15.21.13-1-768x373.jpeg 768w, https:\/\/repra.pt\/wp-content\/uploads\/2024\/02\/WhatsApp-Image-2024-02-27-at-15.21.13-1-1536x747.jpeg 1536w, https:\/\/repra.pt\/wp-content\/uploads\/2024\/02\/WhatsApp-Image-2024-02-27-at-15.21.13-1-260x126.jpeg 260w, https:\/\/repra.pt\/wp-content\/uploads\/2024\/02\/WhatsApp-Image-2024-02-27-at-15.21.13-1-50x24.jpeg 50w, https:\/\/repra.pt\/wp-content\/uploads\/2024\/02\/WhatsApp-Image-2024-02-27-at-15.21.13-1-150x73.jpeg 150w\" sizes=\"(max-width: 2016px) 100vw, 2016px\" \/>\n\t\t\t\t<\/dt><\/dl><br style=\"clear: both\" \/><dl class='gallery-item'>\n\t\t\t\t<dt class='gallery-icon landscape'>\n\t\t\t\t\t<img loading=\"lazy\" decoding=\"async\" width=\"979\" height=\"804\" src=\"https:\/\/repra.pt\/wp-content\/uploads\/2024\/02\/WhatsApp-Image-2024-02-27-at-15.21.06-6-e1709044364397.jpeg\" class=\"attachment-full size-full\" alt=\"\" srcset=\"https:\/\/repra.pt\/wp-content\/uploads\/2024\/02\/WhatsApp-Image-2024-02-27-at-15.21.06-6-e1709044364397.jpeg 979w, https:\/\/repra.pt\/wp-content\/uploads\/2024\/02\/WhatsApp-Image-2024-02-27-at-15.21.06-6-e1709044364397-300x246.jpeg 300w, https:\/\/repra.pt\/wp-content\/uploads\/2024\/02\/WhatsApp-Image-2024-02-27-at-15.21.06-6-e1709044364397-768x631.jpeg 768w, https:\/\/repra.pt\/wp-content\/uploads\/2024\/02\/WhatsApp-Image-2024-02-27-at-15.21.06-6-e1709044364397-178x146.jpeg 178w, https:\/\/repra.pt\/wp-content\/uploads\/2024\/02\/WhatsApp-Image-2024-02-27-at-15.21.06-6-e1709044364397-50x41.jpeg 50w, https:\/\/repra.pt\/wp-content\/uploads\/2024\/02\/WhatsApp-Image-2024-02-27-at-15.21.06-6-e1709044364397-91x75.jpeg 91w\" sizes=\"(max-width: 979px) 100vw, 979px\" \/>\n\t\t\t\t<\/dt><\/dl>\n\t\t\t\t<br style='clear: both' \/>\n\t\t\t<\/div>\n\t\t<\/div>\n\t\t\t\t<\/div>\n\t\t\t\t<\/div>\n\t\t\t\t\t<\/div>\n\t\t<\/div>\n\t\t\t\t\t<\/div>\n\t\t<\/section>\n\t\t\t\t<section class=\"elementor-section elementor-top-section elementor-element elementor-element-09517c4 elementor-section-stretched elementor-section-boxed elementor-section-height-default elementor-section-height-default\" data-id=\"09517c4\" data-element_type=\"section\" data-settings=\"{&quot;stretch_section&quot;:&quot;section-stretched&quot;,&quot;background_background&quot;:&quot;classic&quot;}\">\n\t\t\t\t\t\t<div class=\"elementor-container elementor-column-gap-no\">\n\t\t\t\t\t<div class=\"elementor-column elementor-col-100 elementor-top-column elementor-element elementor-element-7c80bdf\" data-id=\"7c80bdf\" data-element_type=\"column\">\n\t\t\t<div class=\"elementor-widget-wrap elementor-element-populated\">\n\t\t\t\t\t\t<section class=\"elementor-section elementor-inner-section elementor-element elementor-element-acc2c9b elementor-section-boxed elementor-section-height-default elementor-section-height-default\" data-id=\"acc2c9b\" data-element_type=\"section\">\n\t\t\t\t\t\t<div class=\"elementor-container elementor-column-gap-no\">\n\t\t\t\t\t<div class=\"elementor-column elementor-col-33 elementor-inner-column elementor-element elementor-element-bfbf70d\" data-id=\"bfbf70d\" data-element_type=\"column\">\n\t\t\t<div class=\"elementor-widget-wrap elementor-element-populated\">\n\t\t\t\t\t\t<div class=\"elementor-element elementor-element-cb873fb elementor-widget elementor-widget-heading\" data-id=\"cb873fb\" data-element_type=\"widget\" data-widget_type=\"heading.default\">\n\t\t\t\t<div class=\"elementor-widget-container\">\n\t\t\t<h6 class=\"elementor-heading-title elementor-size-default\">Melhora a sua casa\n<\/h6>\t\t<\/div>\n\t\t\t\t<\/div>\n\t\t\t\t<div class=\"elementor-element elementor-element-d872a15 elementor-widget elementor-widget-heading\" data-id=\"d872a15\" data-element_type=\"widget\" data-widget_type=\"heading.default\">\n\t\t\t\t<div class=\"elementor-widget-container\">\n\t\t\t<h3 class=\"elementor-heading-title elementor-size-default\">N\u00e3o encontrou<br> o servi\u00e7o que procurava? <br><span style=\"color:#3F0A12\"> Entre em contato conosco!<\/span><\/h3>\t\t<\/div>\n\t\t\t\t<\/div>\n\t\t\t\t\t<\/div>\n\t\t<\/div>\n\t\t\t\t<div class=\"elementor-column elementor-col-33 elementor-inner-column elementor-element elementor-element-88f9113\" data-id=\"88f9113\" data-element_type=\"column\">\n\t\t\t<div class=\"elementor-widget-wrap elementor-element-populated\">\n\t\t\t\t\t\t<div class=\"elementor-element elementor-element-6d7e2a7 elementor-widget elementor-widget-image\" data-id=\"6d7e2a7\" data-element_type=\"widget\" data-widget_type=\"image.default\">\n\t\t\t\t<div class=\"elementor-widget-container\">\n\t\t\t\t\t\t\t\t\t\t\t\t\t<img decoding=\"async\" src=\"https:\/\/repra.pt\/wp-content\/uploads\/2022\/04\/renovate4-about-pic5.webp\" class=\"attachment-large size-large wp-image-53\" alt=\"\" \/>\t\t\t\t\t\t\t\t\t\t\t\t\t<\/div>\n\t\t\t\t<\/div>\n\t\t\t\t\t<\/div>\n\t\t<\/div>\n\t\t\t\t<div class=\"elementor-column elementor-col-33 elementor-inner-column elementor-element elementor-element-1905ddf elementor-hidden-mobile\" data-id=\"1905ddf\" data-element_type=\"column\">\n\t\t\t<div class=\"elementor-widget-wrap elementor-element-populated\">\n\t\t\t\t\t\t<div class=\"elementor-element elementor-element-513f7e4 elementor-view-framed elementor-shape-circle elementor-widget elementor-widget-icon\" data-id=\"513f7e4\" data-element_type=\"widget\" data-widget_type=\"icon.default\">\n\t\t\t\t<div class=\"elementor-widget-container\">\n\t\t\t\t\t<div class=\"elementor-icon-wrapper\">\n\t\t\t<a class=\"elementor-icon\" href=\"https:\/\/repra.pt\/index.php\/contact\/\">\n\t\t\t<svg aria-hidden=\"true\" class=\"e-font-icon-svg e-fas-arrow-right\" viewBox=\"0 0 448 512\" xmlns=\"http:\/\/www.w3.org\/2000\/svg\"><path d=\"M190.5 66.9l22.2-22.2c9.4-9.4 24.6-9.4 33.9 0L441 239c9.4 9.4 9.4 24.6 0 33.9L246.6 467.3c-9.4 9.4-24.6 9.4-33.9 0l-22.2-22.2c-9.5-9.5-9.3-25 .4-34.3L311.4 296H24c-13.3 0-24-10.7-24-24v-32c0-13.3 10.7-24 24-24h287.4L190.9 101.2c-9.8-9.3-10-24.8-.4-34.3z\"><\/path><\/svg>\t\t\t<\/a>\n\t\t<\/div>\n\t\t\t\t<\/div>\n\t\t\t\t<\/div>\n\t\t\t\t\t<\/div>\n\t\t<\/div>\n\t\t\t\t\t<\/div>\n\t\t<\/section>\n\t\t\t\t\t<\/div>\n\t\t<\/div>\n\t\t\t\t\t<\/div>\n\t\t<\/section>\n\t\t\t\t<\/div>\n\t\t","protected":false},"excerpt":{"rendered":"<p>Demoli\u00e7\u00f5es A nossa empresa especializa-se em servi\u00e7os de demoli\u00e7\u00e3o, oferecendo solu\u00e7\u00f5es seguras, eficientes e sustent\u00e1veis para a remo\u00e7\u00e3o de estruturas existentes. Com uma abordagem respons\u00e1vel e<span class=\"excerpt-hellip\"> [\u2026]<\/span><\/p>\n","protected":false},"author":2,"featured_media":0,"parent":0,"menu_order":0,"comment_status":"open","ping_status":"closed","template":"","meta":{"footnotes":""},"_links":{"self":[{"href":"https:\/\/repra.pt\/index.php\/wp-json\/wp\/v2\/pages\/776"}],"collection":[{"href":"https:\/\/repra.pt\/index.php\/wp-json\/wp\/v2\/pages"}],"about":[{"href":"https:\/\/repra.pt\/index.php\/wp-json\/wp\/v2\/types\/page"}],"author":[{"embeddable":true,"href":"https:\/\/repra.pt\/index.php\/wp-json\/wp\/v2\/users\/2"}],"replies":[{"embeddable":true,"href":"https:\/\/repra.pt\/index.php\/wp-json\/wp\/v2\/comments?post=776"}],"version-history":[{"count":13,"href":"https:\/\/repra.pt\/index.php\/wp-json\/wp\/v2\/pages\/776\/revisions"}],"predecessor-version":[{"id":821,"href":"https:\/\/repra.pt\/index.php\/wp-json\/wp\/v2\/pages\/776\/revisions\/821"}],"wp:attachment":[{"href":"https:\/\/repra.pt\/index.php\/wp-json\/wp\/v2\/media?parent=776"}],"curies":[{"name":"wp","href":"https:\/\/api.w.org\/{rel}","templated":true}]}}